{"id":48,"date":"2025-01-09T12:24:09","date_gmt":"2025-01-09T11:24:09","guid":{"rendered":"http:\/\/www.edv-jaeger.at\/?page_id=48"},"modified":"2025-01-09T13:20:46","modified_gmt":"2025-01-09T12:20:46","slug":"anfahrt","status":"publish","type":"page","link":"http:\/\/www.edv-jaeger.at\/?page_id=48","title":{"rendered":"Anfahrt"},"content":{"rendered":"\n<div class=\"wp-block-columns is-layout-flex wp-container-core-columns-is-layout-9d6595d7 wp-block-columns-is-layout-flex\">\n<div class=\"wp-block-column is-layout-flow wp-block-column-is-layout-flow\" style=\"flex-basis:66.66%\">\n<p>H\u00f6hbergstra\u00dfe 16, 9231 K\u00f6stenberg<\/p>\n\n\n\n<iframe src=\"https:\/\/www.google.com\/maps\/embed?pb=!1m18!1m12!1m3!1d1369.5846007649518!2d14.017346127712205!3d46.643173098487274!2m3!1f0!2f0!3f0!3m2!1i1024!2i768!4f13.1!3m3!1m2!1s0x47707ec79dfb3c6d%3A0xbd8f5b7ae24d718e!2zSMO2aGJlcmdzdHJhw59lIDE2LCA5MjMxIEvDtnN0ZW5iZXJn!5e0!3m2!1sde!2sat!4v1736421422655!5m2!1sde!2sat\" width=\"600\" height=\"450\" style=\"border:0;\" allowfullscreen=\"\" loading=\"lazy\" referrerpolicy=\"no-referrer-when-downgrade\"><\/iframe>\n<\/div>\n\n\n\n<div class=\"wp-block-column is-layout-flow wp-block-column-is-layout-flow\" style=\"flex-basis:33.33%\">\n<figure class=\"wp-block-image size-full\"><img loading=\"lazy\" decoding=\"async\" width=\"768\" height=\"1024\" src=\"http:\/\/www.edv-jaeger.at\/wp-content\/uploads\/2025\/01\/IMG_20211015_1456118-768x1024-1.jpg\" alt=\"\" class=\"wp-image-49\" srcset=\"http:\/\/www.edv-jaeger.at\/wp-content\/uploads\/2025\/01\/IMG_20211015_1456118-768x1024-1.jpg 768w, http:\/\/www.edv-jaeger.at\/wp-content\/uploads\/2025\/01\/IMG_20211015_1456118-768x1024-1-225x300.jpg 225w\" sizes=\"auto, (max-width: 768px) 100vw, 768px\" \/><\/figure>\n<\/div>\n<\/div>\n","protected":false},"excerpt":{"rendered":"<p>H\u00f6hbergstra\u00dfe 16, 9231 K\u00f6stenberg<\/p>\n","protected":false},"author":1,"featured_media":0,"parent":0,"menu_order":0,"comment_status":"closed","ping_status":"closed","template":"","meta":{"footnotes":""},"class_list":["post-48","page","type-page","status-publish"],"_links":{"self":[{"href":"http:\/\/www.edv-jaeger.at\/index.php?rest_route=\/wp\/v2\/pages\/48","targetHints":{"allow":["GET"]}}],"collection":[{"href":"http:\/\/www.edv-jaeger.at\/index.php?rest_route=\/wp\/v2\/pages"}],"about":[{"href":"http:\/\/www.edv-jaeger.at\/index.php?rest_route=\/wp\/v2\/types\/page"}],"author":[{"embeddable":true,"href":"http:\/\/www.edv-jaeger.at\/index.php?rest_route=\/wp\/v2\/users\/1"}],"replies":[{"embeddable":true,"href":"http:\/\/www.edv-jaeger.at\/index.php?rest_route=%2Fwp%2Fv2%2Fcomments&post=48"}],"version-history":[{"count":2,"href":"http:\/\/www.edv-jaeger.at\/index.php?rest_route=\/wp\/v2\/pages\/48\/revisions"}],"predecessor-version":[{"id":56,"href":"http:\/\/www.edv-jaeger.at\/index.php?rest_route=\/wp\/v2\/pages\/48\/revisions\/56"}],"wp:attachment":[{"href":"http:\/\/www.edv-jaeger.at\/index.php?rest_route=%2Fwp%2Fv2%2Fmedia&parent=48"}],"curies":[{"name":"wp","href":"https:\/\/api.w.org\/{rel}","templated":true}]}}