{"id":3,"date":"2025-01-07T13:55:55","date_gmt":"2025-01-07T13:55:55","guid":{"rendered":"http:\/\/www.edv-jaeger.at\/?page_id=3"},"modified":"2025-01-07T18:31:22","modified_gmt":"2025-01-07T17:31:22","slug":"privacy-policy","status":"publish","type":"page","link":"http:\/\/www.edv-jaeger.at\/?page_id=3","title":{"rendered":"Datenschutzerkl\u00e4rung"},"content":{"rendered":"\n<p>Der Schutz Ihrer pers\u00f6nlichen Daten ist uns ein besonderes Anliegen. Wir verarbeiten Ihre Daten daher ausschlie\u00dflich auf Grundlage der gesetzlichen Bestimmungen (DSGVO, TKG 2003).\u00a0<\/p>\n\n\n\n<h2 class=\"wp-block-heading\"><strong>Kontaktaufnahme<\/strong><\/h2>\n\n\n\n<p>Wenn Sie per E-Mail Kontakt mit uns aufnehmen, werden Ihre angegebenen Daten zwecks Bearbeitung der Anfrage und f\u00fcr den Fall von Anschlussfragen bei uns gespeichert.<\/p>\n\n\n\n<hr class=\"wp-block-separator has-alpha-channel-opacity\"\/>\n\n\n\n<p>Bei Fragen erreichen Sie uns unter folgenden Kontaktdaten:<\/p>\n\n\n\n<p>DI Josef J\u00e4ger, H\u00f6hbergstra\u00dfe 16,  A-9231 K\u00f6stenberg<br>Email: j.jaeger@edv-jaeger.at<\/p>\n\n\n\n<p><\/p>\n","protected":false},"excerpt":{"rendered":"<p>Der Schutz Ihrer pers\u00f6nlichen Daten ist uns ein besonderes Anliegen. Wir verarbeiten Ihre Daten daher ausschlie\u00dflich auf Grundlage der gesetzlichen Bestimmungen (DSGVO, TKG 2003).\u00a0 Kontaktaufnahme Wenn Sie per E-Mail Kontakt mit uns aufnehmen, werden Ihre angegebenen Daten zwecks Bearbeitung der Anfrage und f\u00fcr den Fall von Anschlussfragen bei uns gespeichert. Bei Fragen erreichen Sie uns unter folgenden Kontaktdaten: DI Josef J\u00e4ger, H\u00f6hbergstra\u00dfe 16, A-9231 K\u00f6stenbergEmail: j.jaeger@edv-jaeger.at<\/p>\n","protected":false},"author":1,"featured_media":0,"parent":0,"menu_order":0,"comment_status":"closed","ping_status":"open","template":"","meta":{"footnotes":""},"class_list":["post-3","page","type-page","status-publish"],"_links":{"self":[{"href":"http:\/\/www.edv-jaeger.at\/index.php?rest_route=\/wp\/v2\/pages\/3","targetHints":{"allow":["GET"]}}],"collection":[{"href":"http:\/\/www.edv-jaeger.at\/index.php?rest_route=\/wp\/v2\/pages"}],"about":[{"href":"http:\/\/www.edv-jaeger.at\/index.php?rest_route=\/wp\/v2\/types\/page"}],"author":[{"embeddable":true,"href":"http:\/\/www.edv-jaeger.at\/index.php?rest_route=\/wp\/v2\/users\/1"}],"replies":[{"embeddable":true,"href":"http:\/\/www.edv-jaeger.at\/index.php?rest_route=%2Fwp%2Fv2%2Fcomments&post=3"}],"version-history":[{"count":1,"href":"http:\/\/www.edv-jaeger.at\/index.php?rest_route=\/wp\/v2\/pages\/3\/revisions"}],"predecessor-version":[{"id":26,"href":"http:\/\/www.edv-jaeger.at\/index.php?rest_route=\/wp\/v2\/pages\/3\/revisions\/26"}],"wp:attachment":[{"href":"http:\/\/www.edv-jaeger.at\/index.php?rest_route=%2Fwp%2Fv2%2Fmedia&parent=3"}],"curies":[{"name":"wp","href":"https:\/\/api.w.org\/{rel}","templated":true}]}}